{"id":160,"date":"2019-05-13T23:06:55","date_gmt":"2019-05-13T21:06:55","guid":{"rendered":"https:\/\/democontent.codex-themes.com\/sites-elementor\/startup\/?page_id=160"},"modified":"2023-06-16T11:53:52","modified_gmt":"2023-06-16T09:53:52","slug":"nos-produits","status":"publish","type":"page","link":"https:\/\/dev.orbis.lu\/nl\/nos-produits\/","title":{"rendered":"Onze producten"},"content":{"rendered":"<div data-elementor-type=\"wp-page\" data-elementor-id=\"160\" class=\"elementor elementor-160\">\n\t\t\t\t\t\t<section class=\"elementor-section elementor-top-section elementor-element elementor-element-2a7b712 elementor-section-full_width elementor-section-height-default elementor-section-height-default\" data-id=\"2a7b712\" data-element_type=\"section\">\n\t\t\t\t\t\t<div class=\"elementor-container elementor-column-gap-no\">\n\t\t\t\t\t<div class=\"elementor-column elementor-col-50 elementor-top-column elementor-element elementor-element-22b6569\" data-id=\"22b6569\" data-element_type=\"column\">\n\t\t\t<div class=\"elementor-widget-wrap elementor-element-populated\">\n\t\t\t\t\t\t<div class=\"elementor-element elementor-element-52c0855 bg-tablet elementor-absolute elementor-hidden-tablet elementor-hidden-phone elementor-widget elementor-widget-image\" data-id=\"52c0855\" data-element_type=\"widget\" data-settings=\"{&quot;_position&quot;:&quot;absolute&quot;}\" data-widget_type=\"image.default\">\n\t\t\t\t<div class=\"elementor-widget-container\">\n\t\t\t\t\t\t\t\t\t\t\t\t\t\t\t<img fetchpriority=\"high\" decoding=\"async\" width=\"735\" height=\"605\" src=\"https:\/\/dev.orbis.lu\/wp-content\/uploads\/2021\/03\/2-1.png\" class=\"attachment-full size-full wp-image-1697\" alt=\"\" srcset=\"https:\/\/dev.orbis.lu\/wp-content\/uploads\/2021\/03\/2-1.png 735w, https:\/\/dev.orbis.lu\/wp-content\/uploads\/2021\/03\/2-1-300x247.png 300w\" sizes=\"(max-width: 735px) 100vw, 735px\" \/>\t\t\t\t\t\t\t\t\t\t\t\t\t\t\t<\/div>\n\t\t\t\t<\/div>\n\t\t\t\t<div class=\"elementor-element elementor-element-0d4992a tablet elementor-absolute elementor-hidden-tablet elementor-hidden-phone elementor-widget elementor-widget-image\" data-id=\"0d4992a\" data-element_type=\"widget\" data-settings=\"{&quot;_position&quot;:&quot;absolute&quot;}\" data-widget_type=\"image.default\">\n\t\t\t\t<div class=\"elementor-widget-container\">\n\t\t\t\t\t\t\t\t\t\t\t\t\t\t\t<img decoding=\"async\" width=\"768\" height=\"512\" src=\"https:\/\/dev.orbis.lu\/wp-content\/uploads\/2022\/12\/Comptabilite-768x512.png\" class=\"attachment-medium_large size-medium_large wp-image-1891\" alt=\"\" srcset=\"https:\/\/dev.orbis.lu\/wp-content\/uploads\/2022\/12\/Comptabilite-768x512.png 768w, https:\/\/dev.orbis.lu\/wp-content\/uploads\/2022\/12\/Comptabilite-300x200.png 300w, https:\/\/dev.orbis.lu\/wp-content\/uploads\/2022\/12\/Comptabilite-1024x683.png 1024w, https:\/\/dev.orbis.lu\/wp-content\/uploads\/2022\/12\/Comptabilite-1536x1025.png 1536w, https:\/\/dev.orbis.lu\/wp-content\/uploads\/2022\/12\/Comptabilite-2048x1366.png 2048w\" sizes=\"(max-width: 768px) 100vw, 768px\" \/>\t\t\t\t\t\t\t\t\t\t\t\t\t\t\t<\/div>\n\t\t\t\t<\/div>\n\t\t\t\t\t<\/div>\n\t\t<\/div>\n\t\t\t\t<div class=\"elementor-column elementor-col-50 elementor-top-column elementor-element elementor-element-dd0aaba\" data-id=\"dd0aaba\" data-element_type=\"column\">\n\t\t\t<div class=\"elementor-widget-wrap elementor-element-populated\">\n\t\t\t\t\t\t<div class=\"elementor-element elementor-element-c408914 elementor-widget__width-initial elementor-widget elementor-widget-heading\" data-id=\"c408914\" data-element_type=\"widget\" data-widget_type=\"heading.default\">\n\t\t\t\t<div class=\"elementor-widget-container\">\n\t\t\t\t\t<div class=\"elementor-heading-title elementor-size-default\">orbis financieel<\/div>\t\t\t\t<\/div>\n\t\t\t\t<\/div>\n\t\t\t\t<div class=\"elementor-element elementor-element-e1e04dc elementor-widget__width-initial elementor-widget-tablet__width-initial elementor-widget elementor-widget-heading\" data-id=\"e1e04dc\" data-element_type=\"widget\" data-widget_type=\"heading.default\">\n\t\t\t\t<div class=\"elementor-widget-container\">\n\t\t\t\t\t<div class=\"elementor-heading-title elementor-size-default\">Een complete oplossing voor uw dagelijkse boekhouding<\/div>\t\t\t\t<\/div>\n\t\t\t\t<\/div>\n\t\t\t\t<div class=\"elementor-element elementor-element-f58439a elementor-widget__width-initial elementor-widget-tablet__width-initial elementor-widget elementor-widget-text-editor\" data-id=\"f58439a\" data-element_type=\"widget\" data-widget_type=\"text-editor.default\">\n\t\t\t\t<div class=\"elementor-widget-container\">\n\t\t\t\t\t\t\t\t\t<p>Het boekhoudkundig beheer is een sleutelelement om de toekomst en het succes van uw KMO op lange termijn te verzekeren. Orbis biedt u een complete, krachtige boekhoudoplossing die het dagelijkse financi\u00eble beheer van uw bedrijf vereenvoudigt en optimaliseert.<\/p><p>Onze boekhoudsoftware biedt een reeks functies die zijn afgestemd op de behoeften van KMO's, zoals het invoeren en volgen van facturen, betalingsbeheer, automatische bankreconciliatie en financi\u00eble en fiscale rapportage. Dankzij de intu\u00eftieve, gebruiksvriendelijke interface hebt u gemakkelijk toegang tot al deze functies, waardoor u tijd bespaart en minder fouten maakt bij het beheer van uw financi\u00ebn.<\/p><p>Een van de belangrijkste voordelen van onze boekhoudoplossing is haar flexibiliteit. Orbis past zich aan de omvang en specifieke behoeften van uw bedrijf aan, zodat u over een schaalbare oplossing beschikt die met u meegroeit. Bovendien is onze software compatibel met de verschillende fiscale en boekhoudkundige voorschriften, zodat u in alle omstandigheden aan de regels voldoet.<\/p><p>Door Orbis te kiezen om uw boekhouding te beheren, kiest u voor een complete, betrouwbare en effici\u00ebnte oplossing waarmee u zich kunt concentreren op wat echt belangrijk is: de ontwikkeling en groei van uw KMO.<\/p>\t\t\t\t\t\t\t\t<\/div>\n\t\t\t\t<\/div>\n\t\t\t\t\t<\/div>\n\t\t<\/div>\n\t\t\t\t\t<\/div>\n\t\t<\/section>\n\t\t\t\t<section class=\"elementor-section elementor-top-section elementor-element elementor-element-3cc7185 elementor-section-boxed elementor-section-height-default elementor-section-height-default\" data-id=\"3cc7185\" data-element_type=\"section\">\n\t\t\t\t\t\t<div class=\"elementor-container elementor-column-gap-default\">\n\t\t\t\t\t<div class=\"elementor-column elementor-col-100 elementor-top-column elementor-element elementor-element-48efd50\" data-id=\"48efd50\" data-element_type=\"column\">\n\t\t\t<div class=\"elementor-widget-wrap\">\n\t\t\t\t\t\t\t<\/div>\n\t\t<\/div>\n\t\t\t\t\t<\/div>\n\t\t<\/section>\n\t\t\t\t<section class=\"elementor-section elementor-top-section elementor-element elementor-element-8b67e7f elementor-section-full_width elementor-reverse-tablet elementor-reverse-mobile elementor-section-height-default elementor-section-height-default\" data-id=\"8b67e7f\" data-element_type=\"section\">\n\t\t\t\t\t\t<div class=\"elementor-container elementor-column-gap-no\">\n\t\t\t\t\t<div class=\"elementor-column elementor-col-50 elementor-top-column elementor-element elementor-element-2504bb5\" data-id=\"2504bb5\" data-element_type=\"column\">\n\t\t\t<div class=\"elementor-widget-wrap elementor-element-populated\">\n\t\t\t\t\t\t<div class=\"elementor-element elementor-element-502ad76 elementor-widget__width-initial elementor-widget elementor-widget-heading\" data-id=\"502ad76\" data-element_type=\"widget\" data-widget_type=\"heading.default\">\n\t\t\t\t<div class=\"elementor-widget-container\">\n\t\t\t\t\t<div class=\"elementor-heading-title elementor-size-default\">orbis logistiek<\/div>\t\t\t\t<\/div>\n\t\t\t\t<\/div>\n\t\t\t\t<div class=\"elementor-element elementor-element-959ce3a elementor-widget__width-initial elementor-widget elementor-widget-heading\" data-id=\"959ce3a\" data-element_type=\"widget\" data-widget_type=\"heading.default\">\n\t\t\t\t<div class=\"elementor-widget-container\">\n\t\t\t\t\t<h2 class=\"elementor-heading-title elementor-size-default\">Krachtig en gebruiksvriendelijk verkoopbeheer<\/h2>\t\t\t\t<\/div>\n\t\t\t\t<\/div>\n\t\t\t\t<div class=\"elementor-element elementor-element-39f513a elementor-widget__width-initial elementor-widget-tablet__width-inherit elementor-widget elementor-widget-text-editor\" data-id=\"39f513a\" data-element_type=\"widget\" data-widget_type=\"text-editor.default\">\n\t\t\t\t<div class=\"elementor-widget-container\">\n\t\t\t\t\t\t\t\t\t<p><span class=\"light\">Om te slagen in een concurrerende markt heeft het MKB een commerci\u00eble managementoplossing nodig die kracht en gebruiksgemak combineert. Orbis biedt logistieke software die speciaal is ontworpen om aan de eisen van snelgroeiende bedrijven te voldoen.<\/span><\/p><p><span class=\"light\">Onze software dekt een breed scala aan supply chain vraagstukken, zoals voorraadbeheer, orderverwerking, co\u00f6rdinatie van verzendingen en communicatie met leveranciers. Dankzij de gebruiksvriendelijke interface kunt u deze cruciale elementen gemakkelijk beheren om een soepele werking te garanderen en de winst te maximaliseren.<\/span><\/p><p><span class=\"light\">Het aanpassingsvermogen van Orbis maakt het een belangrijke aanwinst voor uw KMO. De software is ontworpen om mee te groeien met uw behoeften en biedt aanpasbare opties die de groei van uw bedrijf ondersteunen. Bovendien bevordert het de samenwerking tussen verschillende teams door het centraliseren en delen van gegevens in real time.<\/span><\/p><p><span class=\"light\">Wanneer u Orbis kiest voor uw supply chain management, kiest u voor een robuuste, intu\u00eftieve en schaalbare oplossing die u zal helpen de uitdagingen van de markt aan te gaan en uw KMO naar nieuwe hoogten te brengen.<\/span><\/p>\t\t\t\t\t\t\t\t<\/div>\n\t\t\t\t<\/div>\n\t\t\t\t\t<\/div>\n\t\t<\/div>\n\t\t\t\t<div class=\"elementor-column elementor-col-50 elementor-top-column elementor-element elementor-element-22fd851\" data-id=\"22fd851\" data-element_type=\"column\">\n\t\t\t<div class=\"elementor-widget-wrap elementor-element-populated\">\n\t\t\t\t\t\t<div class=\"elementor-element elementor-element-35d133d bg-box elementor-absolute elementor-hidden-tablet elementor-hidden-phone elementor-widget elementor-widget-image\" data-id=\"35d133d\" data-element_type=\"widget\" data-settings=\"{&quot;_position&quot;:&quot;absolute&quot;}\" data-widget_type=\"image.default\">\n\t\t\t\t<div class=\"elementor-widget-container\">\n\t\t\t\t\t\t\t\t\t\t\t\t\t\t\t<img decoding=\"async\" width=\"735\" height=\"628\" src=\"https:\/\/dev.orbis.lu\/wp-content\/uploads\/2021\/03\/5-1.png\" class=\"attachment-full size-full wp-image-1700\" alt=\"\" srcset=\"https:\/\/dev.orbis.lu\/wp-content\/uploads\/2021\/03\/5-1.png 735w, https:\/\/dev.orbis.lu\/wp-content\/uploads\/2021\/03\/5-1-300x256.png 300w\" sizes=\"(max-width: 735px) 100vw, 735px\" \/>\t\t\t\t\t\t\t\t\t\t\t\t\t\t\t<\/div>\n\t\t\t\t<\/div>\n\t\t\t\t<div class=\"elementor-element elementor-element-a99a39d box elementor-absolute elementor-hidden-tablet elementor-hidden-phone elementor-widget elementor-widget-image\" data-id=\"a99a39d\" data-element_type=\"widget\" data-settings=\"{&quot;_position&quot;:&quot;absolute&quot;}\" data-widget_type=\"image.default\">\n\t\t\t\t<div class=\"elementor-widget-container\">\n\t\t\t\t\t\t\t\t\t\t\t\t\t\t\t<img loading=\"lazy\" decoding=\"async\" width=\"768\" height=\"733\" src=\"https:\/\/dev.orbis.lu\/wp-content\/uploads\/2022\/12\/509395422-768x733.png\" class=\"attachment-medium_large size-medium_large wp-image-1888\" alt=\"\" srcset=\"https:\/\/dev.orbis.lu\/wp-content\/uploads\/2022\/12\/509395422-768x733.png 768w, https:\/\/dev.orbis.lu\/wp-content\/uploads\/2022\/12\/509395422-300x286.png 300w, https:\/\/dev.orbis.lu\/wp-content\/uploads\/2022\/12\/509395422-1024x977.png 1024w, https:\/\/dev.orbis.lu\/wp-content\/uploads\/2022\/12\/509395422-1536x1466.png 1536w, https:\/\/dev.orbis.lu\/wp-content\/uploads\/2022\/12\/509395422-2048x1954.png 2048w, https:\/\/dev.orbis.lu\/wp-content\/uploads\/2022\/12\/509395422-766x731.png 766w\" sizes=\"(max-width: 768px) 100vw, 768px\" \/>\t\t\t\t\t\t\t\t\t\t\t\t\t\t\t<\/div>\n\t\t\t\t<\/div>\n\t\t\t\t\t<\/div>\n\t\t<\/div>\n\t\t\t\t\t<\/div>\n\t\t<\/section>\n\t\t\t\t<section class=\"elementor-section elementor-top-section elementor-element elementor-element-3cff9bf elementor-section-boxed elementor-section-height-default elementor-section-height-default\" data-id=\"3cff9bf\" data-element_type=\"section\">\n\t\t\t\t\t\t<div class=\"elementor-container elementor-column-gap-default\">\n\t\t\t\t\t<div class=\"elementor-column elementor-col-100 elementor-top-column elementor-element elementor-element-ce7c9c5\" data-id=\"ce7c9c5\" data-element_type=\"column\">\n\t\t\t<div class=\"elementor-widget-wrap\">\n\t\t\t\t\t\t\t<\/div>\n\t\t<\/div>\n\t\t\t\t\t<\/div>\n\t\t<\/section>\n\t\t\t\t<section class=\"elementor-section elementor-top-section elementor-element elementor-element-34fc93b elementor-section-full_width elementor-section-height-default elementor-section-height-default\" data-id=\"34fc93b\" data-element_type=\"section\">\n\t\t\t\t\t\t<div class=\"elementor-container elementor-column-gap-no\">\n\t\t\t\t\t<div class=\"elementor-column elementor-col-50 elementor-top-column elementor-element elementor-element-1c26591\" data-id=\"1c26591\" data-element_type=\"column\">\n\t\t\t<div class=\"elementor-widget-wrap elementor-element-populated\">\n\t\t\t\t\t\t<div class=\"elementor-element elementor-element-a691b1c bg-hand elementor-absolute elementor-hidden-tablet elementor-hidden-phone elementor-widget elementor-widget-image\" data-id=\"a691b1c\" data-element_type=\"widget\" data-settings=\"{&quot;_position&quot;:&quot;absolute&quot;}\" data-widget_type=\"image.default\">\n\t\t\t\t<div class=\"elementor-widget-container\">\n\t\t\t\t\t\t\t\t\t\t\t\t\t\t\t<img loading=\"lazy\" decoding=\"async\" width=\"735\" height=\"611\" src=\"https:\/\/dev.orbis.lu\/wp-content\/uploads\/2021\/03\/8-1.png\" class=\"attachment-full size-full wp-image-1703\" alt=\"\" srcset=\"https:\/\/dev.orbis.lu\/wp-content\/uploads\/2021\/03\/8-1.png 735w, https:\/\/dev.orbis.lu\/wp-content\/uploads\/2021\/03\/8-1-300x249.png 300w\" sizes=\"(max-width: 735px) 100vw, 735px\" \/>\t\t\t\t\t\t\t\t\t\t\t\t\t\t\t<\/div>\n\t\t\t\t<\/div>\n\t\t\t\t<div class=\"elementor-element elementor-element-6fc1061 hand elementor-absolute elementor-hidden-tablet elementor-hidden-phone elementor-widget elementor-widget-image\" data-id=\"6fc1061\" data-element_type=\"widget\" data-settings=\"{&quot;_position&quot;:&quot;absolute&quot;}\" data-widget_type=\"image.default\">\n\t\t\t\t<div class=\"elementor-widget-container\">\n\t\t\t\t\t\t\t\t\t\t\t\t\t\t\t<img loading=\"lazy\" decoding=\"async\" width=\"768\" height=\"494\" src=\"https:\/\/dev.orbis.lu\/wp-content\/uploads\/2022\/12\/Organizer-768x494.png\" class=\"attachment-medium_large size-medium_large wp-image-1890\" alt=\"\" srcset=\"https:\/\/dev.orbis.lu\/wp-content\/uploads\/2022\/12\/Organizer-768x494.png 768w, https:\/\/dev.orbis.lu\/wp-content\/uploads\/2022\/12\/Organizer-300x193.png 300w, https:\/\/dev.orbis.lu\/wp-content\/uploads\/2022\/12\/Organizer-1024x659.png 1024w, https:\/\/dev.orbis.lu\/wp-content\/uploads\/2022\/12\/Organizer.png 1435w\" sizes=\"(max-width: 768px) 100vw, 768px\" \/>\t\t\t\t\t\t\t\t\t\t\t\t\t\t\t<\/div>\n\t\t\t\t<\/div>\n\t\t\t\t\t<\/div>\n\t\t<\/div>\n\t\t\t\t<div class=\"elementor-column elementor-col-50 elementor-top-column elementor-element elementor-element-8592015\" data-id=\"8592015\" data-element_type=\"column\">\n\t\t\t<div class=\"elementor-widget-wrap elementor-element-populated\">\n\t\t\t\t\t\t<div class=\"elementor-element elementor-element-e7fb5cd elementor-widget__width-initial elementor-widget elementor-widget-heading\" data-id=\"e7fb5cd\" data-element_type=\"widget\" data-widget_type=\"heading.default\">\n\t\t\t\t<div class=\"elementor-widget-container\">\n\t\t\t\t\t<div class=\"elementor-heading-title elementor-size-default\">orbis organizer<\/div>\t\t\t\t<\/div>\n\t\t\t\t<\/div>\n\t\t\t\t<div class=\"elementor-element elementor-element-7a9fce8 elementor-widget elementor-widget-heading\" data-id=\"7a9fce8\" data-element_type=\"widget\" data-widget_type=\"heading.default\">\n\t\t\t\t<div class=\"elementor-widget-container\">\n\t\t\t\t\t<h2 class=\"elementor-heading-title elementor-size-default\">Een agenda gekoppeld aan uw database<\/h2>\t\t\t\t<\/div>\n\t\t\t\t<\/div>\n\t\t\t\t<div class=\"elementor-element elementor-element-e4b7167 elementor-widget__width-initial elementor-widget-tablet__width-inherit elementor-widget elementor-widget-text-editor\" data-id=\"e4b7167\" data-element_type=\"widget\" data-widget_type=\"text-editor.default\">\n\t\t\t\t<div class=\"elementor-widget-container\">\n\t\t\t\t\t\t\t\t\t<p>Een doeltreffend beheer van tijd en taken is essentieel voor het succes van uw KMO. Orbis biedt u een database-ge\u00efntegreerde agenda-oplossing die ontworpen is om u te helpen uw bedrijf te organiseren en uw productiviteit te optimaliseren.<\/p><p>Onze agendasoftware maakt rechtstreeks verbinding met uw database, zodat u afspraken, vergaderingen en evenementen kunt plannen in synchronisatie met uw bedrijfs- en logistieke informatie. Dankzij deze integratie kunt u uw middelen beter co\u00f6rdineren, planningsconflicten vermijden en ervoor zorgen dat elke taak op tijd wordt uitgevoerd.<\/p><p>De Orbis kalender biedt ook de mogelijkheid om kalenders te delen tussen de leden van uw team, waardoor een optimale communicatie en samenwerking wordt gegarandeerd. Medewerkers kunnen elkaars lopende projecten, deadlines en beschikbaarheid in de gaten houden, waardoor uw bedrijf coherenter en responsiever wordt.<\/p><p>Bovendien is onze agenda-oplossing aanpasbaar en schaalbaar. Ze past zich aan de specifieke behoeften van uw kmo aan en biedt functies op maat, zoals herinneringen, notificaties en de mogelijkheid om taken toe te wijzen aan medewerkers.<\/p><p>Door te kiezen voor een Orbis-agenda gekoppeld aan uw database, kiest u voor een uniforme, performante en collaboratieve oplossing waarmee u uw bedrijf effici\u00ebnt en harmonieus kunt beheren.<\/p>\t\t\t\t\t\t\t\t<\/div>\n\t\t\t\t<\/div>\n\t\t\t\t\t<\/div>\n\t\t<\/div>\n\t\t\t\t\t<\/div>\n\t\t<\/section>\n\t\t\t\t<\/div>","protected":false},"excerpt":{"rendered":"<p>orbis finance Une solution compl\u00e8te pour votre comptabilit\u00e9 quotidienne La gestion de la comptabilit\u00e9 est un \u00e9l\u00e9ment cl\u00e9 pour assurer&#8230;<\/p>","protected":false},"author":1,"featured_media":0,"parent":0,"menu_order":2,"comment_status":"closed","ping_status":"closed","template":"page-fullwidth.php","meta":{"footnotes":""},"class_list":["post-160","page","type-page","status-publish"],"_links":{"self":[{"href":"https:\/\/dev.orbis.lu\/nl\/wp-json\/wp\/v2\/pages\/160","targetHints":{"allow":["GET"]}}],"collection":[{"href":"https:\/\/dev.orbis.lu\/nl\/wp-json\/wp\/v2\/pages"}],"about":[{"href":"https:\/\/dev.orbis.lu\/nl\/wp-json\/wp\/v2\/types\/page"}],"author":[{"embeddable":true,"href":"https:\/\/dev.orbis.lu\/nl\/wp-json\/wp\/v2\/users\/1"}],"replies":[{"embeddable":true,"href":"https:\/\/dev.orbis.lu\/nl\/wp-json\/wp\/v2\/comments?post=160"}],"version-history":[{"count":39,"href":"https:\/\/dev.orbis.lu\/nl\/wp-json\/wp\/v2\/pages\/160\/revisions"}],"predecessor-version":[{"id":2176,"href":"https:\/\/dev.orbis.lu\/nl\/wp-json\/wp\/v2\/pages\/160\/revisions\/2176"}],"wp:attachment":[{"href":"https:\/\/dev.orbis.lu\/nl\/wp-json\/wp\/v2\/media?parent=160"}],"curies":[{"name":"wp","href":"https:\/\/api.w.org\/{rel}","templated":true}]}}