{"id":282,"date":"2019-05-15T07:50:32","date_gmt":"2019-05-15T05:50:32","guid":{"rendered":"https:\/\/democontent.codex-themes.com\/sites-elementor\/startup\/?page_id=282"},"modified":"2023-06-16T11:54:06","modified_gmt":"2023-06-16T09:54:06","slug":"nos-formules","status":"publish","type":"page","link":"https:\/\/dev.orbis.lu\/nl\/nos-formules\/","title":{"rendered":"Onze formules"},"content":{"rendered":"<div data-elementor-type=\"wp-page\" data-elementor-id=\"282\" class=\"elementor elementor-282\">\n\t\t\t\t\t\t<section class=\"elementor-section elementor-top-section elementor-element elementor-element-e3ff603 elementor-section-boxed elementor-section-height-default elementor-section-height-default\" data-id=\"e3ff603\" data-element_type=\"section\">\n\t\t\t\t\t\t<div class=\"elementor-container elementor-column-gap-default\">\n\t\t\t\t\t<div class=\"elementor-column elementor-col-100 elementor-top-column elementor-element elementor-element-e85648c\" data-id=\"e85648c\" data-element_type=\"column\">\n\t\t\t<div class=\"elementor-widget-wrap elementor-element-populated\">\n\t\t\t\t\t\t<div class=\"elementor-element elementor-element-9e02df2 elementor-widget elementor-widget-heading\" data-id=\"9e02df2\" data-element_type=\"widget\" data-widget_type=\"heading.default\">\n\t\t\t\t<div class=\"elementor-widget-container\">\n\t\t\t\t\t<div class=\"elementor-heading-title elementor-size-default\">TWEE PRODUCTLIJNEN<\/div>\t\t\t\t<\/div>\n\t\t\t\t<\/div>\n\t\t\t\t<div class=\"elementor-element elementor-element-85ad6be elementor-widget__width-initial elementor-widget elementor-widget-heading\" data-id=\"85ad6be\" data-element_type=\"widget\" data-widget_type=\"heading.default\">\n\t\t\t\t<div class=\"elementor-widget-container\">\n\t\t\t\t\t<div class=\"elementor-heading-title elementor-size-default\">Kies de reeks die het best bij u past !<\/div>\t\t\t\t<\/div>\n\t\t\t\t<\/div>\n\t\t\t\t<div class=\"elementor-element elementor-element-efcd139 elementor-widget__width-initial elementor-absolute elementor-widget elementor-widget-image\" data-id=\"efcd139\" data-element_type=\"widget\" data-settings=\"{&quot;_position&quot;:&quot;absolute&quot;}\" data-widget_type=\"image.default\">\n\t\t\t\t<div class=\"elementor-widget-container\">\n\t\t\t\t\t\t\t\t\t\t\t\t\t\t\t<img fetchpriority=\"high\" decoding=\"async\" width=\"1024\" height=\"874\" src=\"https:\/\/dev.orbis.lu\/wp-content\/uploads\/2023\/06\/AdobeStock_581563178-1024x874.png\" class=\"attachment-large size-large wp-image-2271\" alt=\"\" srcset=\"https:\/\/dev.orbis.lu\/wp-content\/uploads\/2023\/06\/AdobeStock_581563178-1024x874.png 1024w, https:\/\/dev.orbis.lu\/wp-content\/uploads\/2023\/06\/AdobeStock_581563178-300x256.png 300w, https:\/\/dev.orbis.lu\/wp-content\/uploads\/2023\/06\/AdobeStock_581563178-768x656.png 768w, https:\/\/dev.orbis.lu\/wp-content\/uploads\/2023\/06\/AdobeStock_581563178-1536x1311.png 1536w, https:\/\/dev.orbis.lu\/wp-content\/uploads\/2023\/06\/AdobeStock_581563178-2048x1748.png 2048w, https:\/\/dev.orbis.lu\/wp-content\/uploads\/2023\/06\/AdobeStock_581563178-14x12.png 14w\" sizes=\"(max-width: 1024px) 100vw, 1024px\" \/>\t\t\t\t\t\t\t\t\t\t\t\t\t\t\t<\/div>\n\t\t\t\t<\/div>\n\t\t\t\t<div class=\"elementor-element elementor-element-e5126ff elementor-widget__width-initial elementor-widget elementor-widget-text-editor\" data-id=\"e5126ff\" data-element_type=\"widget\" data-widget_type=\"text-editor.default\">\n\t\t\t\t<div class=\"elementor-widget-container\">\n\t\t\t\t\t\t\t\t\t<h4 class=\"styled-subtitle\">Orbis biedt twee edities van haar software om aan de specifieke behoeften van elk bedrijf te voldoen:<\/h4><p class=\"styled-subtitle\"><strong>STARTER :<\/strong><\/p><p class=\"styled-subtitle\">Ontworpen voor zelfstandigen en zeer kleine bedrijven, biedt deze versie voor \u00e9\u00e9n gebruiker de essenti\u00eble functies om uw bedrijf effici\u00ebnt te beheren, en dat voor een betaalbare maandelijkse prijs. Ideaal om met een gerust hart uw bedrijf op te starten en te ontwikkelen.<\/p><p class=\"styled-subtitle\"><strong>PRO :<\/strong><\/p><p class=\"styled-subtitle\">Ontworpen voor KMO's en trustbedrijven, kunt u met deze netwerkversie zoveel werkstations en mappen toevoegen als u nodig hebt. Het bevat geavanceerde functies voor optimaal beheer en biedt de mogelijkheid om sublicenties te beheren, waardoor schaalbaarheid en flexibiliteit bij uw groei gewaarborgd zijn.<\/p>\t\t\t\t\t\t\t\t<\/div>\n\t\t\t\t<\/div>\n\t\t\t\t<div class=\"elementor-element elementor-element-c69df47 elementor-widget elementor-widget-heading\" data-id=\"c69df47\" data-element_type=\"widget\" data-widget_type=\"heading.default\">\n\t\t\t\t<div class=\"elementor-widget-container\">\n\t\t\t\t\t<div class=\"elementor-heading-title elementor-size-default\">DRIE MARKETINGMETHODEN<\/div>\t\t\t\t<\/div>\n\t\t\t\t<\/div>\n\t\t\t\t<div class=\"elementor-element elementor-element-ef8bc36 elementor-widget elementor-widget-heading\" data-id=\"ef8bc36\" data-element_type=\"widget\" data-widget_type=\"heading.default\">\n\t\t\t\t<div class=\"elementor-widget-container\">\n\t\t\t\t\t<h2 class=\"elementor-heading-title elementor-size-default\">Kies de methode die het beste bij u past<\/h2>\t\t\t\t<\/div>\n\t\t\t\t<\/div>\n\t\t\t\t<div class=\"elementor-element elementor-element-ae1bdaa elementor-widget elementor-widget-text-editor\" data-id=\"ae1bdaa\" data-element_type=\"widget\" data-widget_type=\"text-editor.default\">\n\t\t\t\t<div class=\"elementor-widget-container\">\n\t\t\t\t\t\t\t\t\t<h4 class=\"styled-subtitle\"><span style=\"color: #66657d;\">Orbis biedt u verschillende marketingopties voor zijn software, zodat u de formule kunt kiezen die het best bij u past:<\/span><\/h4><ul><li>Licentie<\/li><li>Tijdelijke licentie<\/li><li>Sublicentie<\/li><\/ul><p class=\"styled-subtitle\">Kies met Orbis de oplossing die bij uw bedrijf past en profiteer van performante, schaalbare boekhoud-, logistieke en agendasoftware.<\/p>\t\t\t\t\t\t\t\t<\/div>\n\t\t\t\t<\/div>\n\t\t\t\t\t<\/div>\n\t\t<\/div>\n\t\t\t\t\t<\/div>\n\t\t<\/section>\n\t\t\t\t<section class=\"elementor-section elementor-top-section elementor-element elementor-element-05cf720 elementor-section-full_width elementor-section-height-default elementor-section-height-default\" data-id=\"05cf720\" data-element_type=\"section\">\n\t\t\t\t\t\t<div class=\"elementor-container elementor-column-gap-no\">\n\t\t\t\t\t<div class=\"elementor-column elementor-col-33 elementor-top-column elementor-element elementor-element-a34939a\" data-id=\"a34939a\" data-element_type=\"column\" data-settings=\"{&quot;background_background&quot;:&quot;classic&quot;}\">\n\t\t\t<div class=\"elementor-widget-wrap elementor-element-populated\">\n\t\t\t\t\t\t<div class=\"elementor-element elementor-element-49a0dd0 elementor-widget elementor-widget-heading\" data-id=\"49a0dd0\" data-element_type=\"widget\" data-widget_type=\"heading.default\">\n\t\t\t\t<div class=\"elementor-widget-container\">\n\t\t\t\t\t<div class=\"elementor-heading-title elementor-size-default\">01<\/div>\t\t\t\t<\/div>\n\t\t\t\t<\/div>\n\t\t\t\t<div class=\"elementor-element elementor-element-9518653 elementor-widget elementor-widget-heading\" data-id=\"9518653\" data-element_type=\"widget\" data-widget_type=\"heading.default\">\n\t\t\t\t<div class=\"elementor-widget-container\">\n\t\t\t\t\t<div class=\"elementor-heading-title elementor-size-default\">Licentie<\/div>\t\t\t\t<\/div>\n\t\t\t\t<\/div>\n\t\t\t\t<div class=\"elementor-element elementor-element-70b5355 elementor-widget elementor-widget-text-editor\" data-id=\"70b5355\" data-element_type=\"widget\" data-widget_type=\"text-editor.default\">\n\t\t\t\t<div class=\"elementor-widget-container\">\n\t\t\t\t\t\t\t\t\t<p>De Orbis-licentie is ideaal voor kmo's die onbeperkte gebruiksrechten willen verwerven voor onze boekhoud-, logistiek- en agendasoftware. Als u voor deze formule kiest, krijgt u een eeuwigdurende licentie waarmee u onze oplossing zonder beperking in de tijd kunt gebruiken. Bovendien genieten nieuwe gebruikers van drie maanden gratis upgrades, op voorwaarde dat het upgradecontract samen met de aankoop van de licentie wordt afgesloten. Kies voor de lange termijn en investeer in een duurzame oplossing voor uw bedrijf met het pakket \"Licentie\".<\/p>\t\t\t\t\t\t\t\t<\/div>\n\t\t\t\t<\/div>\n\t\t\t\t\t<\/div>\n\t\t<\/div>\n\t\t\t\t<div class=\"elementor-column elementor-col-33 elementor-top-column elementor-element elementor-element-18ba703\" data-id=\"18ba703\" data-element_type=\"column\" data-settings=\"{&quot;background_background&quot;:&quot;classic&quot;}\">\n\t\t\t<div class=\"elementor-widget-wrap elementor-element-populated\">\n\t\t\t\t\t\t<div class=\"elementor-element elementor-element-2c365c1 elementor-widget elementor-widget-spacer\" data-id=\"2c365c1\" data-element_type=\"widget\" data-widget_type=\"spacer.default\">\n\t\t\t\t<div class=\"elementor-widget-container\">\n\t\t\t\t\t\t\t<div class=\"elementor-spacer\">\n\t\t\t<div class=\"elementor-spacer-inner\"><\/div>\n\t\t<\/div>\n\t\t\t\t\t\t<\/div>\n\t\t\t\t<\/div>\n\t\t\t\t\t<\/div>\n\t\t<\/div>\n\t\t\t\t<div class=\"elementor-column elementor-col-33 elementor-top-column elementor-element elementor-element-70e1ed9\" data-id=\"70e1ed9\" data-element_type=\"column\" data-settings=\"{&quot;background_background&quot;:&quot;classic&quot;}\">\n\t\t\t<div class=\"elementor-widget-wrap elementor-element-populated\">\n\t\t\t\t\t\t<div class=\"elementor-element elementor-element-dc76ec2 elementor-widget elementor-widget-heading\" data-id=\"dc76ec2\" data-element_type=\"widget\" data-widget_type=\"heading.default\">\n\t\t\t\t<div class=\"elementor-widget-container\">\n\t\t\t\t\t<div class=\"elementor-heading-title elementor-size-default\">02<\/div>\t\t\t\t<\/div>\n\t\t\t\t<\/div>\n\t\t\t\t<div class=\"elementor-element elementor-element-344e999 elementor-widget elementor-widget-heading\" data-id=\"344e999\" data-element_type=\"widget\" data-widget_type=\"heading.default\">\n\t\t\t\t<div class=\"elementor-widget-container\">\n\t\t\t\t\t<div class=\"elementor-heading-title elementor-size-default\">Tijdelijke licentie\n<\/div>\t\t\t\t<\/div>\n\t\t\t\t<\/div>\n\t\t\t\t<div class=\"elementor-element elementor-element-b110b16 elementor-widget elementor-widget-text-editor\" data-id=\"b110b16\" data-element_type=\"widget\" data-widget_type=\"text-editor.default\">\n\t\t\t\t<div class=\"elementor-widget-container\">\n\t\t\t\t\t\t\t\t\t<p>Het Orbis Tijdelijke Licentie pakket is ontworpen voor KMO's die willen profiteren van een flexibele en schaalbare oplossing. Door voor dit pakket te kiezen, krijgt u het recht om onze software gedurende 12 maanden te gebruiken. Tijdens deze periode geniet u van alle evoluties en verbeteringen van het product, zodat u steeds toegang hebt tot de meest recente en performante functionaliteiten. Kies voor flexibiliteit en moderniteit met ons pakket \"Tijdelijke licentie\".<\/p>\t\t\t\t\t\t\t\t<\/div>\n\t\t\t\t<\/div>\n\t\t\t\t\t<\/div>\n\t\t<\/div>\n\t\t\t\t\t<\/div>\n\t\t<\/section>\n\t\t\t\t<section class=\"elementor-section elementor-top-section elementor-element elementor-element-76b28e0 elementor-section-full_width elementor-section-height-default elementor-section-height-default\" data-id=\"76b28e0\" data-element_type=\"section\">\n\t\t\t\t\t\t<div class=\"elementor-container elementor-column-gap-no\">\n\t\t\t\t\t<div class=\"elementor-column elementor-col-33 elementor-top-column elementor-element elementor-element-36a040f\" data-id=\"36a040f\" data-element_type=\"column\" data-settings=\"{&quot;background_background&quot;:&quot;classic&quot;}\">\n\t\t\t<div class=\"elementor-widget-wrap elementor-element-populated\">\n\t\t\t\t\t\t<div class=\"elementor-element elementor-element-6fc20db elementor-widget elementor-widget-spacer\" data-id=\"6fc20db\" data-element_type=\"widget\" data-widget_type=\"spacer.default\">\n\t\t\t\t<div class=\"elementor-widget-container\">\n\t\t\t\t\t\t\t<div class=\"elementor-spacer\">\n\t\t\t<div class=\"elementor-spacer-inner\"><\/div>\n\t\t<\/div>\n\t\t\t\t\t\t<\/div>\n\t\t\t\t<\/div>\n\t\t\t\t\t<\/div>\n\t\t<\/div>\n\t\t\t\t<div class=\"elementor-column elementor-col-33 elementor-top-column elementor-element elementor-element-2b8d173\" data-id=\"2b8d173\" data-element_type=\"column\" data-settings=\"{&quot;background_background&quot;:&quot;classic&quot;}\">\n\t\t\t<div class=\"elementor-widget-wrap elementor-element-populated\">\n\t\t\t\t\t\t<div class=\"elementor-element elementor-element-2af8b8e elementor-widget elementor-widget-heading\" data-id=\"2af8b8e\" data-element_type=\"widget\" data-widget_type=\"heading.default\">\n\t\t\t\t<div class=\"elementor-widget-container\">\n\t\t\t\t\t<div class=\"elementor-heading-title elementor-size-default\">03<\/div>\t\t\t\t<\/div>\n\t\t\t\t<\/div>\n\t\t\t\t<div class=\"elementor-element elementor-element-5453b0a elementor-widget elementor-widget-heading\" data-id=\"5453b0a\" data-element_type=\"widget\" data-widget_type=\"heading.default\">\n\t\t\t\t<div class=\"elementor-widget-container\">\n\t\t\t\t\t<div class=\"elementor-heading-title elementor-size-default\">Sublicentie\n<\/div>\t\t\t\t<\/div>\n\t\t\t\t<\/div>\n\t\t\t\t<div class=\"elementor-element elementor-element-193450c elementor-widget elementor-widget-text-editor\" data-id=\"193450c\" data-element_type=\"widget\" data-widget_type=\"text-editor.default\">\n\t\t\t\t<div class=\"elementor-widget-container\">\n\t\t\t\t\t\t\t\t\t<p>Het Orbis Tijdelijke Licentie pakket is ontworpen voor KMO's die willen profiteren van een flexibele en schaalbare oplossing. Door voor dit pakket te kiezen, krijgt u het recht om onze software gedurende 12 maanden te gebruiken. Tijdens deze periode geniet u van alle evoluties en verbeteringen van het product, zodat u steeds toegang hebt tot de meest recente en performante functionaliteiten. Kies voor flexibiliteit en moderniteit met ons pakket \"Tijdelijke licentie\".<\/p>\t\t\t\t\t\t\t\t<\/div>\n\t\t\t\t<\/div>\n\t\t\t\t\t<\/div>\n\t\t<\/div>\n\t\t\t\t<div class=\"elementor-column elementor-col-33 elementor-top-column elementor-element elementor-element-8e80a41\" data-id=\"8e80a41\" data-element_type=\"column\" data-settings=\"{&quot;background_background&quot;:&quot;classic&quot;}\">\n\t\t\t<div class=\"elementor-widget-wrap elementor-element-populated\">\n\t\t\t\t\t\t<div class=\"elementor-element elementor-element-4aebf6a elementor-widget elementor-widget-spacer\" data-id=\"4aebf6a\" data-element_type=\"widget\" data-widget_type=\"spacer.default\">\n\t\t\t\t<div class=\"elementor-widget-container\">\n\t\t\t\t\t\t\t<div class=\"elementor-spacer\">\n\t\t\t<div class=\"elementor-spacer-inner\"><\/div>\n\t\t<\/div>\n\t\t\t\t\t\t<\/div>\n\t\t\t\t<\/div>\n\t\t\t\t\t<\/div>\n\t\t<\/div>\n\t\t\t\t\t<\/div>\n\t\t<\/section>\n\t\t\t\t<section class=\"elementor-section elementor-top-section elementor-element elementor-element-cf9a059 elementor-section-full_width elementor-section-height-default elementor-section-height-default\" data-id=\"cf9a059\" data-element_type=\"section\" data-settings=\"{&quot;background_background&quot;:&quot;classic&quot;}\">\n\t\t\t\t\t\t<div class=\"elementor-container elementor-column-gap-no\">\n\t\t\t\t\t<div class=\"elementor-column elementor-col-100 elementor-top-column elementor-element elementor-element-43910f4\" data-id=\"43910f4\" data-element_type=\"column\">\n\t\t\t<div class=\"elementor-widget-wrap elementor-element-populated\">\n\t\t\t\t\t\t<div class=\"elementor-element elementor-element-ce58068 elementor-widget elementor-widget-spacer\" data-id=\"ce58068\" data-element_type=\"widget\" data-widget_type=\"spacer.default\">\n\t\t\t\t<div class=\"elementor-widget-container\">\n\t\t\t\t\t\t\t<div class=\"elementor-spacer\">\n\t\t\t<div class=\"elementor-spacer-inner\"><\/div>\n\t\t<\/div>\n\t\t\t\t\t\t<\/div>\n\t\t\t\t<\/div>\n\t\t\t\t\t<\/div>\n\t\t<\/div>\n\t\t\t\t\t<\/div>\n\t\t<\/section>\n\t\t\t\t<\/div>","protected":false},"excerpt":{"rendered":"<p>deux gammes de produits Choisissez la gamme qui vous correspond le mieux! Orbis met \u00e0 votre disposition deux \u00e9ditions de&#8230;<\/p>","protected":false},"author":1,"featured_media":0,"parent":0,"menu_order":1,"comment_status":"closed","ping_status":"closed","template":"page-fullwidth.php","meta":{"footnotes":""},"class_list":["post-282","page","type-page","status-publish"],"_links":{"self":[{"href":"https:\/\/dev.orbis.lu\/nl\/wp-json\/wp\/v2\/pages\/282","targetHints":{"allow":["GET"]}}],"collection":[{"href":"https:\/\/dev.orbis.lu\/nl\/wp-json\/wp\/v2\/pages"}],"about":[{"href":"https:\/\/dev.orbis.lu\/nl\/wp-json\/wp\/v2\/types\/page"}],"author":[{"embeddable":true,"href":"https:\/\/dev.orbis.lu\/nl\/wp-json\/wp\/v2\/users\/1"}],"replies":[{"embeddable":true,"href":"https:\/\/dev.orbis.lu\/nl\/wp-json\/wp\/v2\/comments?post=282"}],"version-history":[{"count":45,"href":"https:\/\/dev.orbis.lu\/nl\/wp-json\/wp\/v2\/pages\/282\/revisions"}],"predecessor-version":[{"id":2280,"href":"https:\/\/dev.orbis.lu\/nl\/wp-json\/wp\/v2\/pages\/282\/revisions\/2280"}],"wp:attachment":[{"href":"https:\/\/dev.orbis.lu\/nl\/wp-json\/wp\/v2\/media?parent=282"}],"curies":[{"name":"wp","href":"https:\/\/api.w.org\/{rel}","templated":true}]}}