{"id":388,"date":"2019-05-15T14:15:26","date_gmt":"2019-05-15T12:15:26","guid":{"rendered":"https:\/\/democontent.codex-themes.com\/sites-elementor\/startup\/?page_id=388"},"modified":"2023-06-16T12:31:29","modified_gmt":"2023-06-16T10:31:29","slug":"tarif","status":"publish","type":"page","link":"https:\/\/dev.orbis.lu\/nl\/tarif\/","title":{"rendered":"Prijs"},"content":{"rendered":"<div data-elementor-type=\"wp-page\" data-elementor-id=\"388\" class=\"elementor elementor-388\">\n\t\t\t\t\t\t<section class=\"elementor-section elementor-top-section elementor-element elementor-element-32f61d4 elementor-section-boxed elementor-section-height-default elementor-section-height-default\" data-id=\"32f61d4\" data-element_type=\"section\" data-settings=\"{&quot;background_background&quot;:&quot;classic&quot;}\">\n\t\t\t\t\t\t<div class=\"elementor-container elementor-column-gap-default\">\n\t\t\t\t\t<div class=\"elementor-column elementor-col-100 elementor-top-column elementor-element elementor-element-ca48c11\" data-id=\"ca48c11\" data-element_type=\"column\">\n\t\t\t<div class=\"elementor-widget-wrap elementor-element-populated\">\n\t\t\t\t\t\t<div class=\"elementor-element elementor-element-8a947ea elementor-widget elementor-widget-heading\" data-id=\"8a947ea\" data-element_type=\"widget\" data-widget_type=\"heading.default\">\n\t\t\t\t<div class=\"elementor-widget-container\">\n\t\t\t\t\t<div class=\"elementor-heading-title elementor-size-default\">Ons aanbod<\/div>\t\t\t\t<\/div>\n\t\t\t\t<\/div>\n\t\t\t\t<div class=\"elementor-element elementor-element-a600bd7 elementor-widget elementor-widget-heading\" data-id=\"a600bd7\" data-element_type=\"widget\" data-widget_type=\"heading.default\">\n\t\t\t\t<div class=\"elementor-widget-container\">\n\t\t\t\t\t<div class=\"elementor-heading-title elementor-size-default\">Kom meer te weten over onze reeks producten die aan uw behoeften voldoen<\/div>\t\t\t\t<\/div>\n\t\t\t\t<\/div>\n\t\t\t\t<div class=\"elementor-element elementor-element-8b0b617 elementor-widget__width-initial elementor-widget elementor-widget-text-editor\" data-id=\"8b0b617\" data-element_type=\"widget\" data-widget_type=\"text-editor.default\">\n\t\t\t\t<div class=\"elementor-widget-container\">\n\t\t\t\t\t\t\t\t\t<p class=\"styled-subtitle\">Een Orbis-oplossing voor elke activiteit<\/p>\t\t\t\t\t\t\t\t<\/div>\n\t\t\t\t<\/div>\n\t\t\t\t<section class=\"elementor-section elementor-inner-section elementor-element elementor-element-26fd061 elementor-section-boxed elementor-section-height-default elementor-section-height-default\" data-id=\"26fd061\" data-element_type=\"section\">\n\t\t\t\t\t\t<div class=\"elementor-container elementor-column-gap-default\">\n\t\t\t\t\t<div class=\"elementor-column elementor-col-25 elementor-inner-column elementor-element elementor-element-9efa326\" data-id=\"9efa326\" data-element_type=\"column\">\n\t\t\t<div class=\"elementor-widget-wrap\">\n\t\t\t\t\t\t\t<\/div>\n\t\t<\/div>\n\t\t\t\t<div class=\"elementor-column elementor-col-25 elementor-inner-column elementor-element elementor-element-12d91d2\" data-id=\"12d91d2\" data-element_type=\"column\">\n\t\t\t<div class=\"elementor-widget-wrap\">\n\t\t\t\t\t\t\t<\/div>\n\t\t<\/div>\n\t\t\t\t<div class=\"elementor-column elementor-col-25 elementor-inner-column elementor-element elementor-element-2c323c3\" data-id=\"2c323c3\" data-element_type=\"column\">\n\t\t\t<div class=\"elementor-widget-wrap\">\n\t\t\t\t\t\t\t<\/div>\n\t\t<\/div>\n\t\t\t\t<div class=\"elementor-column elementor-col-25 elementor-inner-column elementor-element elementor-element-af60b42\" data-id=\"af60b42\" data-element_type=\"column\">\n\t\t\t<div class=\"elementor-widget-wrap\">\n\t\t\t\t\t\t\t<\/div>\n\t\t<\/div>\n\t\t\t\t\t<\/div>\n\t\t<\/section>\n\t\t\t\t\t<\/div>\n\t\t<\/div>\n\t\t\t\t\t<\/div>\n\t\t<\/section>\n\t\t\t\t<section class=\"elementor-section elementor-top-section elementor-element elementor-element-20abc21 elementor-section-boxed elementor-section-height-default elementor-section-height-default\" data-id=\"20abc21\" data-element_type=\"section\">\n\t\t\t\t\t\t<div class=\"elementor-container elementor-column-gap-default\">\n\t\t\t\t\t<div class=\"elementor-column elementor-col-100 elementor-top-column elementor-element elementor-element-285383e\" data-id=\"285383e\" data-element_type=\"column\">\n\t\t\t<div class=\"elementor-widget-wrap elementor-element-populated\">\n\t\t\t\t\t\t<div class=\"elementor-element elementor-element-e2c8e12 elementor-widget__width-initial elementor-widget elementor-widget-text-editor\" data-id=\"e2c8e12\" data-element_type=\"widget\" data-widget_type=\"text-editor.default\">\n\t\t\t\t<div class=\"elementor-widget-container\">\n\t\t\t\t\t\t\t\t\t<p class=\"styled-subtitle\">Voor een nauwkeuriger beeld van het budget in verhouding tot de vereiste modules, raadpleeg onze pagina<strong>\u00a0<a href=\"https:\/\/online.e-orbis.eu\/tarification\/simulation\" target=\"_blank\" rel=\"noopener\">simulatie<\/a><\/strong>.<\/p>\t\t\t\t\t\t\t\t<\/div>\n\t\t\t\t<\/div>\n\t\t\t\t\t<\/div>\n\t\t<\/div>\n\t\t\t\t\t<\/div>\n\t\t<\/section>\n\t\t\t\t<\/div>","protected":false},"excerpt":{"rendered":"<p>Notre offre D\u00e9couvrez notre offre en fonction de vos besoins Une solution Orbis pour chaque activit\u00e9 FinanceStarter \u00e0 partir de&#8230;<\/p>","protected":false},"author":1,"featured_media":0,"parent":0,"menu_order":3,"comment_status":"closed","ping_status":"closed","template":"page-fullwidth.php","meta":{"footnotes":""},"class_list":["post-388","page","type-page","status-publish"],"_links":{"self":[{"href":"https:\/\/dev.orbis.lu\/nl\/wp-json\/wp\/v2\/pages\/388","targetHints":{"allow":["GET"]}}],"collection":[{"href":"https:\/\/dev.orbis.lu\/nl\/wp-json\/wp\/v2\/pages"}],"about":[{"href":"https:\/\/dev.orbis.lu\/nl\/wp-json\/wp\/v2\/types\/page"}],"author":[{"embeddable":true,"href":"https:\/\/dev.orbis.lu\/nl\/wp-json\/wp\/v2\/users\/1"}],"replies":[{"embeddable":true,"href":"https:\/\/dev.orbis.lu\/nl\/wp-json\/wp\/v2\/comments?post=388"}],"version-history":[{"count":71,"href":"https:\/\/dev.orbis.lu\/nl\/wp-json\/wp\/v2\/pages\/388\/revisions"}],"predecessor-version":[{"id":2341,"href":"https:\/\/dev.orbis.lu\/nl\/wp-json\/wp\/v2\/pages\/388\/revisions\/2341"}],"wp:attachment":[{"href":"https:\/\/dev.orbis.lu\/nl\/wp-json\/wp\/v2\/media?parent=388"}],"curies":[{"name":"wp","href":"https:\/\/api.w.org\/{rel}","templated":true}]}}